{"id":362,"date":"2022-06-27T11:59:44","date_gmt":"2022-06-27T10:59:44","guid":{"rendered":"https:\/\/online.oupe.es\/OXED\/diversidadeinclusion\/?page_id=362"},"modified":"2024-02-05T12:51:33","modified_gmt":"2024-02-05T11:51:33","slug":"podcastlucesenlasombra","status":"publish","type":"page","link":"https:\/\/online.oupe.es\/OXED\/diversidadeinclusion\/index.php\/podcastlucesenlasombra\/","title":{"rendered":"P\u00f3dcast"},"content":{"rendered":"<p><a href=\"https:\/\/online.oupe.es\/OXED\/diversidadeinclusion\/index.php\/podcastlucesenlasombra\/#intro\"><img decoding=\"async\" fetchpriority=\"high\" src=\"https:\/\/online.oupe.es\/OXED\/diversidadeinclusion\/wp-content\/uploads\/2022\/06\/luces-en-la-sombra.jpg\" alt=\"Luces en la Sombra\" width=\"1600\" height=\"681\" class=\"aligncenter size-full wp-image-450\"><\/a><\/p>\n<div class=\"row\">\n<div class=\"espacio\"><\/div>\n<div class=\"idiomabox\"><a href=\"https:\/\/online.oupe.es\/OXED\/diversidadeinclusion\/index.php\/podcastligthsintheshadow\/\"><img decoding=\"async\" src=\"https:\/\/online.oupe.es\/OXED\/diversidadeinclusion\/wp-content\/uploads\/2022\/06\/banderauk.png\" alt=\"English\" width=\"100%\" c=\"\" lass=\"aligncenter size-full wp-image-413\" srcset=\"https:\/\/online.oupe.es\/OXED\/diversidadeinclusion\/wp-content\/uploads\/2022\/06\/banderauk.png 512w, https:\/\/online.oupe.es\/OXED\/diversidadeinclusion\/wp-content\/uploads\/2022\/06\/banderauk-300x300.png 300w, https:\/\/online.oupe.es\/OXED\/diversidadeinclusion\/wp-content\/uploads\/2022\/06\/banderauk-150x150.png 150w\" sizes=\"(max-width: 512px) 100vw, 512px\"><\/a><\/div>\n<div class=\"idiomabox\"><a href=\"https:\/\/online.oupe.es\/OXED\/diversidadeinclusion\/index.php\/podcastlucesenlasombra\/#intro\"><img decoding=\"async\" src=\"https:\/\/online.oupe.es\/OXED\/diversidadeinclusion\/wp-content\/uploads\/2022\/06\/banderaespana.png\" alt=\"Espa\u00f1ol\" width=\"100%\" class=\"aligncenter size-full wp-image-412\" srcset=\"https:\/\/online.oupe.es\/OXED\/diversidadeinclusion\/wp-content\/uploads\/2022\/06\/banderaespana.png 512w, https:\/\/online.oupe.es\/OXED\/diversidadeinclusion\/wp-content\/uploads\/2022\/06\/banderaespana-300x300.png 300w, https:\/\/online.oupe.es\/OXED\/diversidadeinclusion\/wp-content\/uploads\/2022\/06\/banderaespana-150x150.png 150w\" sizes=\"(max-width: 512px) 100vw, 512px\"><\/a><\/div>\n<\/div>\n<div id=\"intro\" class=\"intro col-md-12\">\n<div class=\"col-sm-3\"><img decoding=\"async\" src=\"https:\/\/online.oupe.es\/OXED\/diversidadeinclusion\/wp-content\/uploads\/2022\/06\/luces-en-la-sombra-logo.jpg\" alt=\"Luces en la Sombra\" width=\"100%\" class=\"aligncenter size-full wp-image-419\"><\/div>\n<div class=\"col-sm-9\">\n<h2>Introducci\u00f3n<\/h2>\n<p>Queremos presentar a diferentes personas que no tuvieron la oportunidad de recibir el merecido reconocimiento a su trabajo, pero cuyo legado ha sido muy importante para nuestra sociedad.  Esta serie es nuestro homenaje a estas personas que fueron una <em>luz en la sombra<\/em>. <\/p>\n<\/p>\n<\/div>\n<\/div>\n<div id=\"capitulo1\" class=\"capitulo1 col-md-12\"> <img decoding=\"async\" src=\"https:\/\/online.oupe.es\/OXED\/diversidadeinclusion\/wp-content\/uploads\/2022\/06\/MarshaPJohnson-SylviaRivera.jpeg\" alt=\"\" width=\"100%\" class=\"aligncenter\"><\/p>\n<div class=\"col-sm-3\"><img decoding=\"async\" src=\"https:\/\/online.oupe.es\/OXED\/diversidadeinclusion\/wp-content\/uploads\/2022\/06\/luces-en-la-sombra-logo.jpg\" alt=\"Luces en la Sombra\" width=\"100%\" class=\"aligncenter size-full wp-image-419\"><\/div>\n<div class=\"col-sm-9\">\n<h2>Marsha y Sylvia, dos drag queens luchando contra el sistema<\/h2>\n<p>\n    <audio controls=\"\"><source src=\"https:\/\/online.oupe.es\/OXED\/diversidadeinclusion\/wp-content\/uploads\/2022\/06\/luces-en-la-sombra.mp3\" type=\"audio\/mpeg\">Your browser does not support the audio element.<\/audio>\n    <\/p>\n<p>28 de junio. D\u00eda del Orgullo LGBT y todas las dem\u00e1s letras disidentes. Es verano, hace calor, y, como cada a\u00f1o desde aquella primera vez en 1977 en Barcelona, esperamos con ganas la marcha que ti\u00f1e nuestras calles de arco\u00edris en pos de un futuro m\u00e1s justo. Nuestras manos alzan las banderas, esas tan bonitas y coloridas, que exigen igualdad, respeto y visibilidad.<br \/>\n      Si quieres ampliar la informaci\u00f3n, te recomendamos que le eches un vistazo al documental de Netflix <a href=\"https:\/\/www.netflix.com\/es\/title\/80189623\" rel=\"noopener\" target=\"_blank\">\u00abThe Death and Life of Marsha P. Johnson\u00bb<\/a> <\/p>\n<\/p>\n<\/div>\n<\/div>\n<div id=\"capitulo2\" class=\"capitulo2 col-md-12\">\n<a title=\"Unknown authorUnknown author, Public domain, via Wikimedia Commons\" href=\"https:\/\/commons.wikimedia.org\/wiki\/File:Rosaparks.jpg\"><img decoding=\"async\" src=\"https:\/\/online.oupe.es\/OXED\/diversidadeinclusion\/wp-content\/uploads\/2022\/07\/rosaparks.jpeg\" alt=\"\" width=\"100%\" class=\"aligncenter\"><\/a><\/p>\n<div class=\"col-sm-3\"><img decoding=\"async\" src=\"https:\/\/online.oupe.es\/OXED\/diversidadeinclusion\/wp-content\/uploads\/2022\/06\/luces-en-la-sombra-logo.jpg\" alt=\"Luces en la Sombra\" width=\"100%\" class=\"aligncenter size-full wp-image-419\"><\/div>\n<div class=\"col-sm-9\">\n<h2>Rosa Parks: peque\u00f1os gestos que mueven grandes valores.<\/h2>\n<p><audio controls=\"\"><source src=\"https:\/\/online.oupe.es\/OXED\/diversidadeinclusion\/wp-content\/uploads\/2022\/07\/luces-en-la-sombra-Sara-Parks.mp3\" type=\"audio\/mpeg\">Your browser does not support the audio element.<\/audio><\/p>\n<p>El 1 de diciembre de 1955, Rosa Parks volv\u00eda a su casa en autob\u00fas, como cada d\u00eda, de vuelta de su trabajo como costurera en unos grandes almacenes en Montgomery, Alabama.  Ocup\u00f3 el asiento reservado para negros, en la parte trasera. <\/p>\n<\/div>\n<\/div>\n<div id=\"capitulo3\" class=\"capitulo3 col-md-12\">\n<a title=\"DFID - UK Department for International Development CC BY 2.0 creativecommons.org\/licenses\/by\/2.0 via Wikimedia Commons\" href=\"https:\/\/commons.wikimedia.org\/wiki\/File:Malala_Yousafzai_2015.jpg\"><img decoding=\"async\" src=\"https:\/\/online.oupe.es\/OXED\/diversidadeinclusion\/wp-content\/uploads\/2023\/10\/malala.jpg\" alt=\"\" width=\"100%\" class=\"aligncenter\"><\/a><\/p>\n<div class=\"col-sm-3\"><img decoding=\"async\" src=\"https:\/\/online.oupe.es\/OXED\/diversidadeinclusion\/wp-content\/uploads\/2022\/06\/luces-en-la-sombra-logo.jpg\" alt=\"Luces en la Sombra\" width=\"100%\" class=\"aligncenter size-full wp-image-419\"><\/div>\n<div class=\"col-sm-9\">\n<h2>Malala Yousafzai: La educaci\u00f3n es la \u00fanica soluci\u00f3n.<\/h2>\n<p>\n    <audio controls=\"\"><source src=\"https:\/\/online.oupe.es\/OXED\/diversidadeinclusion\/wp-content\/uploads\/2023\/10\/Luces-en-la-sombra-Malala-Yousafzai-2.mp3\" type=\"audio\/mpeg\">Your browser does not support the audio element.<\/audio>\n    <\/p>\n<p>El 9 de octubre de 2012 los talibanes abordaron un autob\u00fas escolar en Pakist\u00e1n, en la localidad de Mingora, preguntaron por un nombre: MALALA YOUSAFZAI.  \u201csoy yo\u201d. Le alcanzaron dos disparos, uno en el cr\u00e1neo, otro en el cuello que le causaron graves heridas.  Malala ten\u00eda entonces 15 a\u00f1os.<br \/>\n      Posteriormente un portavoz talib\u00e1n se atribuy\u00f3 la autor\u00eda del atentado en una agencia de noticias: \u201cEra joven, pero estaba promoviendo la cultura occidental\u201d<\/p>\n<\/p>\n<\/div>\n<\/div>\n<div id=\"capitulo4\" class=\"capitulo3 col-md-12\">\n<a title=\"Gage Skidmore from Surprise, AZ, United States of America, CC BY-SA 2.0 &lt;https:\/\/creativecommons.org\/licenses\/by-sa\/2.0&gt;, via Wikimedia Commons\" href=\"https:\/\/commons.wikimedia.org\/wiki\/File:Nick_Vujicic_(51771567935).jpg\"><img decoding=\"async\" width=\"100%\" alt=\"Nick Vujicic (51771567935)\" src=\"https:\/\/online.oupe.es\/OXED\/diversidadeinclusion\/wp-content\/uploads\/2024\/02\/Nick_Vujicic.jpg\"><\/a><\/p>\n<div class=\"col-sm-3\"><img decoding=\"async\" src=\"https:\/\/online.oupe.es\/OXED\/diversidadeinclusion\/wp-content\/uploads\/2022\/06\/luces-en-la-sombra-logo.jpg\" alt=\"Luces en la Sombra\" width=\"100%\" class=\"aligncenter size-full wp-image-419\"><\/div>\n<div class=\"col-sm-9\">\n<h2>De las sombras a lo absolutamente asombroso.<\/h2>\n<p>\n    <audio controls=\"\"><source src=\"https:\/\/online.oupe.es\/OXED\/diversidadeinclusion\/wp-content\/uploads\/2024\/02\/de_las_sombras_a_lo_absolutamente_asombroso_espanol.mp3\" type=\"audio\/mpeg\">Your browser does not support the audio element.<\/audio>\n    <\/p>\n<p>La vida puede llegar a ser muy complicada para todas esas personas que sufren una discapacidad, y sin embargo, hay much\u00edsimos ejemplos en la historia de personas que nos han demostrado y que nos demuestran, que a pesar de las dificultades, siempre hay formas de superar los obst\u00e1culos y alcanzar nuestros sue\u00f1os. Ejemplos de supervivencia, pero tambi\u00e9n de alegr\u00eda y fuerza para vivir,  \u00bfqu\u00e9 no podremos hacer nosotros, si ellos han podido?  Este es nuestro homenaje a estas y muchas otras personas, algunas las conocer\u00e9is pero otras, sin ser tan conocidas, han hecho igualmente que nuestras vidas sean mucho mejor gracias a su trabajo y entusiasmo.<\/p>\n<\/p>\n<\/div>\n<\/div>\n<div class=\"row\" id=\"luces\">\n<div class=\"col-sm-4 caja\">\n<div class=\"col-sm-12 imagen-luces imagen-intro\"><\/div>\n<div class=\"col-sm-3\"><img decoding=\"async\" src=\"https:\/\/online.oupe.es\/OXED\/diversidadeinclusion\/wp-content\/uploads\/2022\/06\/luces-en-la-sombra-logo.jpg\" alt=\"Luces en la Sombra\" width=\"100%\" class=\"aligncenter size-full wp-image-419\"><\/div>\n<div class=\"col-sm-9\">\n<h2>Introducci\u00f3n<\/h2>\n<h3>Luces en la Sombra<\/h3>\n<\/p>\n<\/div>\n<p><a class=\"col-sm-12 text-center reproducir\" href=\"#intro\"> <span class=\"glyphicon glyphicon-eye-open\"><\/span> Read more<\/a> <\/p>\n<\/p>\n<\/div>\n<div class=\"col-sm-4 caja\">\n<div class=\"col-sm-12 imagen-luces imagen-capi1\"><\/div>\n<div class=\"col-sm-3\"><img decoding=\"async\" src=\"https:\/\/online.oupe.es\/OXED\/diversidadeinclusion\/wp-content\/uploads\/2022\/06\/luces-en-la-sombra-logo.jpg\" width=\"100%\"><\/div>\n<div class=\"col-sm-9\">\n<h2>Marsha y Sylvia<\/h2>\n<h3>Luces en la Sombra<\/h3>\n<\/p>\n<\/div>\n<p><a class=\"col-sm-12 text-center reproducir\" href=\"#capitulo1\"> <span class=\"glyphicon glyphicon-play\"><\/span> Escuchar<\/a> <\/p>\n<\/p>\n<\/div>\n<div class=\"col-sm-4 caja\">\n<div class=\"col-sm-12 imagen-luces imagen-capi2\"><\/div>\n<div class=\"col-sm-3\"><img decoding=\"async\" src=\"https:\/\/online.oupe.es\/OXED\/diversidadeinclusion\/wp-content\/uploads\/2022\/06\/luces-en-la-sombra-logo.jpg\" width=\"100%\"><\/div>\n<div class=\"col-sm-9\">\n<h2>Rosa Parks<\/h2>\n<h3>Luces en la Sombra<\/h3>\n<\/p>\n<\/div>\n<p><a class=\"col-sm-12 text-center reproducir\" href=\"#capitulo2\"> <span class=\"glyphicon glyphicon-play\"><\/span>Escuchar<\/a> <\/p>\n<\/p>\n<\/div>\n<div class=\"col-sm-4 caja\">\n<div class=\"col-sm-12 imagen-luces imagen-capi3\" title=\"DFID - UK Department for International Development, CC BY 2.0 https:\/\/creativecommons.org\/licenses\/by\/2.0, via Wikimedia Commons\"><\/div>\n<div class=\"col-sm-3\"><img decoding=\"async\" src=\"https:\/\/online.oupe.es\/OXED\/diversidadeinclusion\/wp-content\/uploads\/2022\/06\/luces-en-la-sombra-logo.jpg\" width=\"100%\"><\/div>\n<div class=\"col-sm-9\">\n<h2>Malala Yousafzai<\/h2>\n<h3>Luces en la Sombra<\/h3>\n<\/p>\n<\/div>\n<p><a class=\"col-sm-12 text-center reproducir\" href=\"#capitulo3\"> <span class=\"glyphicon glyphicon-play\"><\/span>Escuchar<\/a> <\/p>\n<\/p>\n<\/div>\n<div class=\"col-sm-4 caja\" id=\"From the shadows to the absolutely amazing\">\n<div class=\"col-sm-12 imagen-luces imagen-capi4\" title=\"DFID - UK Department for International Development, CC BY 2.0 https:\/\/creativecommons.org\/licenses\/by\/2.0, via Wikimedia Commons\"><\/div>\n<div class=\"col-sm-3\"><img decoding=\"async\" alt=\"\" src=\"https:\/\/online.oupe.es\/OXED\/diversidadeinclusion\/wp-content\/uploads\/2022\/06\/luces-en-la-sombra-logo.jpg\" width=\"100%\"><\/div>\n<div class=\"col-sm-9\">\n<h2>De las sombras&#8230;<\/h2>\n<h3>Luces en la sombra<\/h3>\n<\/p>\n<\/div>\n<p><a class=\"col-sm-12 text-center reproducir\" href=\"#capitulo4\"> <span class=\"glyphicon glyphicon-play\"><\/span>Escuchar<\/a> <\/p>\n<\/p>\n<\/div>\n<\/div>\n<style>\n#primary{\n    background: #f3eeda;\n    padding: 2em;\n}\n<\/style>\n","protected":false},"excerpt":{"rendered":"<p>Introducci\u00f3n Queremos presentar a diferentes personas que no tuvieron la oportunidad de recibir el merecido reconocimiento a su trabajo, pero cuyo legado ha sido muy importante para nuestra sociedad. Esta<span class=\"more-button\"><a href=\"https:\/\/online.oupe.es\/OXED\/diversidadeinclusion\/index.php\/podcastlucesenlasombra\/\" class=\"more-link\">Seguir leyendo<span class=\"screen-reader-text\">P\u00f3dcast<\/span><\/a><\/span><\/p>\n","protected":false},"author":1,"featured_media":449,"parent":0,"menu_order":0,"comment_status":"closed","ping_status":"closed","template":"templates\/no-sidebar.php","meta":{"footnotes":""},"class_list":["post-362","page","type-page","status-publish","has-post-thumbnail","hentry"],"jetpack-related-posts":[],"jetpack_sharing_enabled":true,"_links":{"self":[{"href":"https:\/\/online.oupe.es\/OXED\/diversidadeinclusion\/index.php\/wp-json\/wp\/v2\/pages\/362","targetHints":{"allow":["GET"]}}],"collection":[{"href":"https:\/\/online.oupe.es\/OXED\/diversidadeinclusion\/index.php\/wp-json\/wp\/v2\/pages"}],"about":[{"href":"https:\/\/online.oupe.es\/OXED\/diversidadeinclusion\/index.php\/wp-json\/wp\/v2\/types\/page"}],"author":[{"embeddable":true,"href":"https:\/\/online.oupe.es\/OXED\/diversidadeinclusion\/index.php\/wp-json\/wp\/v2\/users\/1"}],"replies":[{"embeddable":true,"href":"https:\/\/online.oupe.es\/OXED\/diversidadeinclusion\/index.php\/wp-json\/wp\/v2\/comments?post=362"}],"version-history":[{"count":55,"href":"https:\/\/online.oupe.es\/OXED\/diversidadeinclusion\/index.php\/wp-json\/wp\/v2\/pages\/362\/revisions"}],"predecessor-version":[{"id":561,"href":"https:\/\/online.oupe.es\/OXED\/diversidadeinclusion\/index.php\/wp-json\/wp\/v2\/pages\/362\/revisions\/561"}],"wp:featuredmedia":[{"embeddable":true,"href":"https:\/\/online.oupe.es\/OXED\/diversidadeinclusion\/index.php\/wp-json\/wp\/v2\/media\/449"}],"wp:attachment":[{"href":"https:\/\/online.oupe.es\/OXED\/diversidadeinclusion\/index.php\/wp-json\/wp\/v2\/media?parent=362"}],"curies":[{"name":"wp","href":"https:\/\/api.w.org\/{rel}","templated":true}]}}